{"id":3014,"date":"2019-11-11T06:52:23","date_gmt":"2019-11-11T06:52:23","guid":{"rendered":"https:\/\/mf3swiss.shop\/?page_id=3014"},"modified":"2023-07-18T09:23:06","modified_gmt":"2023-07-18T09:23:06","slug":"price-payment-shipping-policies","status":"publish","type":"page","link":"https:\/\/mf3swiss.shop\/zh\/price-payment-shipping-policies\/","title":{"rendered":"Price, Shipping &#038; Return Policies"},"content":{"rendered":"<div class=\"wpb-content-wrapper\"><div class=\"vc_row wpb_row top-row vc_custom_1573454674150 vc_row-has-fill porto-inner-container wpb_custom_034b39d9bc6c6b310d69e39f0ccf274f\"><div class=\"porto-wrap-container container\"><div class=\"row\"><div class=\"vc_column_container col-md-12\"><div class=\"wpb_wrapper vc_column-inner\"><div class=\"porto-u-heading  wpb_custom_95aa9a11c17ad45cfabaf210d84ee7cc porto-u-ad87e2eaf3f9c495180fe0156ddf3eb0\"><div class=\"porto-u-sub-heading\" style=\"font-weight:700;color: #ffffff;margin-bottom:27px;font-size:25px;line-height:38px;\">\u4ef7\u94b1\uff0c\u8fd0\u8f93\u548c\u9000\u6b3e\u6761\u6b3e<\/div><style>.porto-u-ad87e2eaf3f9c495180fe0156ddf3eb0.porto-u-heading{text-align:left}<\/style><\/div><\/div><\/div><\/div><\/div><\/div><div class=\"vc_row wpb_row top-row vc_custom_1573454973928 porto-inner-container wpb_custom_034b39d9bc6c6b310d69e39f0ccf274f\"><div class=\"porto-wrap-container container\"><div class=\"row\"><div class=\"vc_column_container col-md-12\"><div class=\"wpb_wrapper vc_column-inner\"><div class=\"accordion  panel-modern  accordiond751713988987e9331980363e24189ce\" id=\"accordion974187500\" data-collapsible=\"\" data-active-tab=\"1\"><div class=\"card card-default\"><div class=\"card-header\"><h4 class=\"card-title m-0\"><a role=\"button\" class=\"accordion-toggle\" data-bs-toggle=\"collapse\" href=\"#collapse1638832174\">\u4ef7\u683c<\/a><\/h4><\/div><div id=\"collapse1638832174\" class=\"collapse\"><div class=\"card-body\">\r\n\t<div class=\"wpb_text_column wpb_content_element wpb_custom_7c91d232724f73626cc933bd95b25ff0\" >\r\n\t\t<div class=\"wpb_wrapper\">\r\n\t\t\t<p>\u4ea7\u54c1\u4ef7\u683c\u663e\u793a\u5747\u542b\u7a0e\u5e76\u4ee5\u7f8e\u5143\u8ba1\u7b97\u3002<\/p>\n\r\n\t\t<\/div>\r\n\t<\/div>\r\n<\/div><\/div><\/div> <div class=\"card card-default\"><div class=\"card-header\"><h4 class=\"card-title m-0\"><a role=\"button\" class=\"accordion-toggle\" data-bs-toggle=\"collapse\" href=\"#collapse1954435589\">\u8fd0\u8f93<\/a><\/h4><\/div><div id=\"collapse1954435589\" class=\"collapse\"><div class=\"card-body\">\r\n\t<div class=\"wpb_text_column wpb_content_element wpb_custom_7c91d232724f73626cc933bd95b25ff0\" >\r\n\t\t<div class=\"wpb_wrapper\">\r\n\t\t\t<div class=\"vc_single_image-wrapper vc_box_border_grey\"><\/div>\n<div class=\"wpb_text_column wpb_content_element wpb_animate_when_almost_visible wpb_left-to-right left-to-right wpb_start_animation animated\">\n<div class=\"wpb_wrapper\">\n<p>&nbsp;<\/p>\n<p>\u6211\u516c\u53f8\u9009\u7528DHL\u53d1\u9001\u53ca\u8fd0\u9001\u9884\u8ba2\u8d2d\u4ea7\u54c1<\/p>\n<p>\u6211\u4eec\u8fd0\u9001\u5230\u9009\u5b9a\u7684\u56fd\u5bb6\uff1a<\/p>\n<p>Afghanistan, Albania, Algeria, Andorra*, Angola, Antigua And Barbuda, Argentina, \u00a0Armenia, Aruba, Australia*, Austria, Azerbaijan, Bahamas, Bahrain, Bangladesh, Barbados, Belarus, Belgium, Belize, Benin, Bermuda, Bhutan, Bolivia, Bosnia &amp; Herzegovina, Botswana, Brazil, Brunei, Bulgaria, Burkina Faso, Burundi, Cambodia, Cameroon, Canada, Cape, Chile, China*, Colombia, Cuba, Curacao (Netherlands), Verde, Cayman Islands (UK), Central African Republic, Chad, Croatia, Comoros, Cook Islands, Costa Rica, Cote D\u2019ivoire (Ivory Coast), Cuba, Curacao (Netherlands), Congo (Brazzaville), Congo (Kinshasa), Cyprus, Czech Republic, Denmark, Djibouti, Dominica, Dominican Republic, Egypt, El Salvador, Ecuador, Equatorial Guinea, Eritrea, Estonia, Ethiopia, Fiji, Finland, France, Gambia, Georgia, Germany, Ghana, Gibraltar, Greece, Greenland, Grenada, Guam, Guatemala, Guinea, Guyana, Haiti, Honduras, Hong Kong*, Hungary, Iceland, India, Indonesia, Iran, Iraq, Ireland, Isle Of Man (UK), Israel, Italy, Jamaica, Japan, Jersey ( France), Jordan, Kazakhstan, Kenya, Kiribati, Kuwait, Kyrgyzstan, Latvia, Lesotho, Liberia, Libya, Liechtenstein, Lithuania, Luxembourg, Macedonia, Madagascar, Malawi, Maldives, Mali, Malta, Marshall Islands, Mauritania, Mauritius, Micronesia, Moldova, Monaco, Montenegro, Montserrat, Morocco, Mozambique, Myanmar, Namibia, Netherlands,\u00a0 Nepal, Nicaragua, Niger, Nigeria, New Zealand, Norway, Oman, Pakistan, Panama, Papua New Guinea, Paraguay, Peru, Philippines*, Poland, Puerto Rico, Portugal, Qatar, Romania, Russia, Rwanda, Saint Kitts And Nevis, Saint Lucia, , Saint Vincent And The Grenadines, Samoa, San Marino, S\u00e3o Tom\u00e9 And Pr\u00edncipe, Gabon, Saudi Arabia, Scotland, Senegal, Serbia, Seychelles, Sierra Leone, Slovakia, Slovenia, Solomon Islands, Somalia, South Africa, South Korea, South Sudan, Spain, Sudan, Suriname, Sri Lanka, Swaziland, Switzerland, Sweden, Syria, Taiwan, Tajikistan, Tanzania, Thailand*, Timor-Leste, Togo, Tonga, Trinidad And Tobago, Tunisia, Turkmenistan, Tuvalu, Uganda, Ukraine, United Arab Emirates, United Kingdom (UK), United States (US), United States (US) Virgin Islands, Uruguay, Uzbekistan, Vanuatu, Venezuela, Vietnam, Yemen, Zambia And Zimbabwe.<\/p>\n<p><em>* \u53ef\u901a\u8fc7\u72ec\u5bb6\u7ecf\u9500\u5546\u548c\/\u6216\u6388\u6743\u7ecf\u9500\u5546\u8d2d\u4e70\u3002<\/em><\/p>\n<p>\u672a\u5217\u51fa\u7684\u56fd\u5bb6\/\u5730\u533a\u9664\u4e86\u65b0\u52a0\u5761\u3001\u9a6c\u6765\u897f\u4e9a\u3001\u4e2d\u56fd\u3001\u9999\u6e2f\u548c\u6fb3\u95e8\uff0c\u8bf7\u901a\u8fc7 info@mf3-ltd.hk \u4e0e\u6211\u4eec\u8054\u7cfb\u3002 MF3 \u6388\u6743\u7ecf\u9500\u5546\u7684\u4fe1\u606f\u53ef\u5728\u60a8\u5f53\u5730\u627e\u5230\u3002 <strong>Singapore<\/strong>,\u00a0<strong>Malaysia, China, Hong Kong &amp; Macau<\/strong>, please contact us at <a href=\"mailto:info@mf3swiss.shop\">info@mf3swiss.shop<\/a>. Information on MF3 authorised dealer may be available in your local area.<\/p>\n<p>\u4e0b\u5348 5 \u70b9\u4e4b\u540e\u6216\u5468\u672b\uff08\u548c\u516c\u5171\u5047\u671f\uff09\u4e0b\u7684\u8ba2\u5355\u5c06\u5728\u4e0b\u4e00\u4e2a\u5de5\u4f5c\u65e5\u53d7\u5904\u7406\u3002<\/p>\n<p>\u8ba2\u5355\u53d1\u8d27\u540e\uff0c\u60a8\u5c06\u6536\u5230\u53e6\u4e00\u5c01\u7535\u5b50\u90ae\u4ef6\u9274\u5b9a\u60a8\u7684\u5305\u88f9\u4ee5\u8fd0\u8f93\u5904\u7406\u3002<\/p>\n<p>\u56fd\u9645\u8fd0\u8f93\uff1a<\/p>\n<p>\u8bf7\u5141\u8bb8\u4f30\u8ba1\u8fd0\u8f93\u5230\u60a8\u6240\u5728\u56fd\u5bb6\/\u5730\u533a\u4e3a 2 \u5230 14 \u5929\u5de5\u4f5c\u65e5\u3002<\/p>\n<p>\u53d1\u8d27\u5c06\u4ece\u6211\u65b9\u6700\u8fd1\u7684\u4ed3\u5e93\u6216\u8ba4\u4e3a\u5408\u9002\u7684\u4efb\u4f55\u5730\u65b9\u53d1\u9001\u60a8\u8ba2\u8d2d\u7684\u7269\u54c1\u3002<\/p>\n<\/div>\n<\/div>\n\r\n\t\t<\/div>\r\n\t<\/div>\r\n\r\n\t<div class=\"wpb_text_column wpb_content_element wpb_custom_7c91d232724f73626cc933bd95b25ff0\" >\r\n\t\t<div class=\"wpb_wrapper\">\r\n\t\t\t<div class=\"wpb_text_column wpb_content_element wpb_animate_when_almost_visible wpb_left-to-right left-to-right wpb_start_animation animated\">\n<div class=\"wpb_wrapper\">\n<p><span style=\"font-size: 19px; color: #0000ff;\"><strong>SELF-PICK-UP OPTION AVAILABLE IN HONG KONG!<\/strong><\/span><\/p>\n<p>1. This pick-up option is only applicable for purchases made in mf3swiss.shop from China with shipment to Hong Kong.<br \/>\n2. Pick up time is every Monday to Friday (Except Saturday, Sunday &amp; PH) with the collection time from 10am to 1pm, 2pm to 4pm.<br \/>\n3. MF3 Global E-commerce has the right to change the terms and conditions at any given time, without any prior notice.<br \/>\n4. Please contact info@mf3swiss.shop for further information and\/or assistance.<\/p>\n<\/div>\n<\/div>\n\r\n\t\t<\/div>\r\n\t<\/div>\r\n<\/div><\/div><\/div> <div class=\"card card-default\"><div class=\"card-header\"><h4 class=\"card-title m-0\"><a role=\"button\" class=\"accordion-toggle\" data-bs-toggle=\"collapse\" href=\"#collapse778654640\">\u8fd0\u8d39<\/a><\/h4><\/div><div id=\"collapse778654640\" class=\"collapse\"><div class=\"card-body\">\r\n\t<div class=\"wpb_text_column wpb_content_element wpb_custom_7c91d232724f73626cc933bd95b25ff0\" >\r\n\t\t<div class=\"wpb_wrapper\">\r\n\t\t\t<p>\u8fd0\u8d39\u901a\u8fc7 DHL \u5b9e\u65f6\u8d39\u7387\u81ea\u52a8\u8ba1\u7b97\u3002 \u8ba1\u7b97\u57fa\u4e8e\u7269\u54c1\u7684\u91cd\u91cf\u3001\u5c3a\u5bf8\u548c\u4f53\u79ef\u4ee5\u53ca\u8fd0\u8f93\u76ee\u7684\u5730\u3002<\/p>\n\r\n\t\t<\/div>\r\n\t<\/div>\r\n<\/div><\/div><\/div> <div class=\"card card-default\"><div class=\"card-header\"><h4 class=\"card-title m-0\"><a role=\"button\" class=\"accordion-toggle\" data-bs-toggle=\"collapse\" href=\"#collapse932824475\">\u8ba2\u5355\u53d6\u6d88\u653f\u7b56<\/a><\/h4><\/div><div id=\"collapse932824475\" class=\"collapse\"><div class=\"card-body\">\r\n\t<div class=\"wpb_text_column wpb_content_element wpb_custom_7c91d232724f73626cc933bd95b25ff0\" >\r\n\t\t<div class=\"wpb_wrapper\">\r\n\t\t\t<div class=\"wpb_text_column wpb_content_element wpb_animate_when_almost_visible wpb_left-to-right left-to-right wpb_start_animation animated\">\n<div class=\"wpb_wrapper\">\n<p>\u4e00\u65e6\u4ed8\u6b3e\uff0c\u6211\u4eec\u4e0d\u63a5\u53d7\u53d6\u6d88\u8ba2\u5355\u3002 \u6211\u4eec\u786e\u5b9e\u5141\u8bb8\u4ea4\u6362\u4e0e\u8d2d\u4e70\u7684\u7269\u54c1\u5177\u6709\u76f8\u540c\u4ef7\u503c\u7684\u4ea7\u54c1\u3002<\/p>\n<p>\u6362\u8d27\u7533\u8bf7\u5fc5\u987b\u5728\u4ed8\u6b3e\u540e 1 \u5929\u5185\u901a\u8fc7\u7535\u5b50\u90ae\u4ef6\u63d0\u51fa\uff1ainfo@mf3-ltd.hk \n\n\u4ee5\u540e\u7684\u4efb\u4f55\u8981\u6c42\u5c06\u4e0d\u4e88\u53d7\u7406\u3002 <a href=\"mailto:info@mf3swiss.shop\">info@mf3swiss.shop<\/a>. Any request at a later date will not be entertained.<\/p>\n<\/div>\n<\/div>\n<div class=\"edgtf-separator-holder clearfix edgtf-separator-center\">\n<div class=\"edgtf-separator\"><\/div>\n<\/div>\n\r\n\t\t<\/div>\r\n\t<\/div>\r\n<\/div><\/div><\/div> <div class=\"card card-default\"><div class=\"card-header\"><h4 class=\"card-title m-0\"><a role=\"button\" class=\"accordion-toggle\" data-bs-toggle=\"collapse\" href=\"#collapse1337135203\">\u9000\u8d27\/\u9000\u6b3e\u653f\u7b56<\/a><\/h4><\/div><div id=\"collapse1337135203\" class=\"collapse\"><div class=\"card-body\">\r\n\t<div class=\"wpb_text_column wpb_content_element wpb_custom_7c91d232724f73626cc933bd95b25ff0\" >\r\n\t\t<div class=\"wpb_wrapper\">\r\n\t\t\t<p>\u4e0d\u63a5\u53d7\u4efb\u4f55\u9000\u8d27\u6216\u9000\u6b3e\u3002<\/p>\n\r\n\t\t<\/div>\r\n\t<\/div>\r\n<\/div><\/div><\/div> <div class=\"card card-default\"><div class=\"card-header\"><h4 class=\"card-title m-0\"><a role=\"button\" class=\"accordion-toggle\" data-bs-toggle=\"collapse\" href=\"#collapse404246668\">\u4ea7\u54c1\u66f4\u6362\u653f\u7b56<\/a><\/h4><\/div><div id=\"collapse404246668\" class=\"collapse\"><div class=\"card-body\">\r\n\t<div class=\"wpb_text_column wpb_content_element wpb_custom_7c91d232724f73626cc933bd95b25ff0\" >\r\n\t\t<div class=\"wpb_wrapper\">\r\n\t\t\t<div class=\"wpb_text_column wpb_content_element wpb_animate_when_almost_visible wpb_left-to-right left-to-right wpb_start_animation animated\">\n<div class=\"wpb_wrapper\">\n<p>\u5728\u4ee5\u4e0b\u60c5\u51b5\u4e0b\uff0c\u5ba2\u6237\u6709\u6743\u66f4\u6362\u4ea7\u54c1\uff1a<\/p>\n<p>\u6709\u7f3a\u9677\u7684\u5236\u9020<\/p>\n<ul>\n<li>\u8fd9\u4ec5\u9002\u7528\u4e8e\u56e0\u5236\u9020\u5546\u9519\u8bef\u6216\u9519\u8bef\u4ea7\u54c1\u800c\u5bfc\u81f4\u7684\u7f3a\u9677\u5546\u54c1\u3002<\/li>\n<\/ul>\n<ul>\n<li>\u5982\u679c\u4ea7\u54c1\u6709\u7f3a\u9677\uff0c\u60a8\u5fc5\u987b\u63d0\u4f9b\u8d2d\u4e70\u8bc1\u660e\u548c\u7167\u7247\u8bc1\u636e\uff0c\u624d\u7b26\u5408\u83b7\u5f97\u66f4\u6362\u3002 <em>photo evidence<\/em> in the event of a defective product.<\/li>\n<\/ul>\n<ul>\n<li>\u6240\u6709\u672a\u4f7f\u7528\u7684\u4ea7\u54c1\u5fc5\u987b\u5728\u539f\u5305\u88c5\u4e2d\u9000\u56de\uff0c\u5e76\u9644\u4e0a\u6240\u6709\u9002\u5f53\u7684\u6587\u4ef6\u548c\u9644\u4ef6\uff08\u5982\u9002\u7528\uff09\u3002<\/li>\n<\/ul>\n<p>\u8fd0\u8f93\u9014\u4e2d\u4e22\u5931\u7684\u7269\u54c1<\/p>\n<ul>\n<li>\u5bf9\u4e8e\u672a\u6536\u5230\u7684\u8d27\u7269\uff0c\u5982\u679c\u6211\u4eec\u7684\u4ea7\u54c1\u672a\u5728\u9884\u8ba1\u4ea4\u8d27\u65f6\u95f4\u5230\u8fbe\uff0c\u60a8\u5fc5\u987b\u7acb\u5373\u4e0e\u6211\u4eec\u8054\u7cfb\u3002 \u672a\u6536\u5230\u8d27\u7269\u7684\u60c5\u51b5\u5c06\u63a5\u53d7\u6211\u4eec\u7684\u8c03\u67e5\u3002<\/li>\n<\/ul>\n<p>\u66f4\u6362\u5c06\u4ec5\u9650\u4e8e\u540c\u4e00\u9879\u76ee\u3002<\/p>\n<p>\u5c06\u60a8\u7684\u8be6\u7ec6\u4fe1\u606f\u53d1\u9001\u81f3\uff1ainfo@mf3-ltd.hk <a href=\"mailto:info@mf3swiss.shop\">info@mf3swiss.shop<\/a><\/p>\n<p>\u8bf7\u6ce8\u610f\uff0cMF3\u96c7\u4f63\u503c\u5f97\u4fe1\u8d56\u7684\u7b2c\u4e09\u65b9\u8fd0\u8f93\u670d\u52a1\uff0c\u4ee5\u786e\u4fdd\u6240\u6709\u4ea7\u54c1\u5728\u4ea4\u4ed8\u524d\u90fd\u7ecf\u8fc7\u68c0\u67e5\u548c\u5b89\u5168\u5305\u88c5\u3002<\/p>\n<\/div>\n<\/div>\n\r\n\t\t<\/div>\r\n\t<\/div>\r\n<\/div><\/div><\/div> <div class=\"card card-default\"><div class=\"card-header\"><h4 class=\"card-title m-0\"><a role=\"button\" class=\"accordion-toggle\" data-bs-toggle=\"collapse\" href=\"#collapse2067779770\">Custom Duty Policy<\/a><\/h4><\/div><div id=\"collapse2067779770\" class=\"collapse\"><div class=\"card-body\">\r\n\t<div class=\"wpb_text_column wpb_content_element wpb_custom_7c91d232724f73626cc933bd95b25ff0\" >\r\n\t\t<div class=\"wpb_wrapper\">\r\n\t\t\t<ul>\n<li>ALL shipments will be delivered with\u00a0<b><u>duty and tax unpaid<\/u><\/b>.<\/li>\n<\/ul>\n<ul>\n<li>All import (customs) duties and\/or taxes\u00a0<b><u>must be paid by customers referring to local custom policy<\/u><\/b>.<\/li>\n<\/ul>\n<ul>\n<li><b><u>Please note that duties or taxes are not included in the shipping fees<\/u><\/b>. You may be charged for duties and taxes at delivery.<\/li>\n<\/ul>\n<ul>\n<li>ALL orders may be subject to customs duties depending on each country&#8217;s customs policy. To prevent delivery delays, please work with customs and logistics providers to pay any taxes incurred and complete the customs clearance process.<\/li>\n<\/ul>\n<ul>\n<li>We are not responsible for any failed delivery attempt caused by negligent behaviors of customers. Negligence includes, but is not limited to, incorrect information provided for delivery, such as order address\/contact number\/consignee&#8217;s name.\u00a0<b><u>In this case, we are unable to file a refund for you.<\/u><\/b><\/li>\n<\/ul>\n\r\n\t\t<\/div>\r\n\t<\/div>\r\n<\/div><\/div><\/div> <\/div><\/div><\/div><\/div><\/div><\/div>\n<\/div>","protected":false},"excerpt":{"rendered":"Price, Shipping &amp; Return PoliciesPrice All prices shown are tax-inclusive and displayed in USD. Shipping &nbsp; Shipments will be delivered using either DHL, GDex, or other similar courier services depending on locality. We ship to selected countries: Afghanistan, Albania, Algeria, Andorra*, Angola, Antigua And Barbuda, Argentina, \u00a0Armenia, Aruba, Australia*, Austria, Azerbaijan, Bahamas, Bahrain, Bangladesh, Barbados, [...]","protected":false},"author":1000,"featured_media":0,"parent":0,"menu_order":0,"comment_status":"closed","ping_status":"closed","template":"","meta":{"_acf_changed":false,"footnotes":""},"class_list":["post-3014","page","type-page","status-publish","hentry"],"acf":[],"yoast_head":"<!-- This site is optimized with the Yoast SEO plugin v27.4 - https:\/\/yoast.com\/product\/yoast-seo-wordpress\/ -->\n<title>Price, Shipping &amp; Return Policies - MF3 SWISS SHOP<\/title>\n<meta name=\"robots\" content=\"index, follow, max-snippet:-1, max-image-preview:large, max-video-preview:-1\" \/>\n<link rel=\"canonical\" href=\"https:\/\/mf3swiss.shop\/zh\/price-payment-shipping-policies\/\" \/>\n<meta property=\"og:locale\" content=\"zh_CN\" \/>\n<meta property=\"og:type\" content=\"article\" \/>\n<meta property=\"og:title\" content=\"Price, Shipping &amp; Return Policies - MF3 SWISS SHOP\" \/>\n<meta property=\"og:url\" content=\"https:\/\/mf3swiss.shop\/zh\/price-payment-shipping-policies\/\" \/>\n<meta property=\"og:site_name\" content=\"MF3 SWISS SHOP\" \/>\n<meta property=\"article:publisher\" content=\"https:\/\/www.facebook.com\/MF3official\" \/>\n<meta property=\"article:modified_time\" content=\"2023-07-18T09:23:06+00:00\" \/>\n<meta property=\"og:image\" content=\"https:\/\/mf3swiss.shop\/wp-content\/uploads\/2020\/10\/Plaqx-Christy-Chung.jpg\" \/>\n\t<meta property=\"og:image:width\" content=\"269\" \/>\n\t<meta property=\"og:image:height\" content=\"322\" \/>\n\t<meta property=\"og:image:type\" content=\"image\/jpeg\" \/>\n<meta name=\"twitter:card\" content=\"summary_large_image\" \/>\n<meta name=\"twitter:label1\" content=\"\u9884\u8ba1\u9605\u8bfb\u65f6\u95f4\" \/>\n\t<meta name=\"twitter:data1\" content=\"4 \u5206\" \/>\n<script type=\"application\/ld+json\" class=\"yoast-schema-graph\">{\"@context\":\"https:\\\/\\\/schema.org\",\"@graph\":[{\"@type\":\"WebPage\",\"@id\":\"https:\\\/\\\/mf3swiss.shop\\\/price-payment-shipping-policies\\\/\",\"url\":\"https:\\\/\\\/mf3swiss.shop\\\/price-payment-shipping-policies\\\/\",\"name\":\"Price, Shipping & Return Policies - MF3 SWISS SHOP\",\"isPartOf\":{\"@id\":\"https:\\\/\\\/mf3swiss.shop\\\/#website\"},\"datePublished\":\"2019-11-11T06:52:23+00:00\",\"dateModified\":\"2023-07-18T09:23:06+00:00\",\"breadcrumb\":{\"@id\":\"https:\\\/\\\/mf3swiss.shop\\\/price-payment-shipping-policies\\\/#breadcrumb\"},\"inLanguage\":\"zh-Hans\",\"potentialAction\":[{\"@type\":\"ReadAction\",\"target\":[\"https:\\\/\\\/mf3swiss.shop\\\/price-payment-shipping-policies\\\/\"]}]},{\"@type\":\"BreadcrumbList\",\"@id\":\"https:\\\/\\\/mf3swiss.shop\\\/price-payment-shipping-policies\\\/#breadcrumb\",\"itemListElement\":[{\"@type\":\"ListItem\",\"position\":1,\"name\":\"Home\",\"item\":\"https:\\\/\\\/mf3swiss.shop\\\/\"},{\"@type\":\"ListItem\",\"position\":2,\"name\":\"Price, Shipping &#038; Return Policies\"}]},{\"@type\":\"WebSite\",\"@id\":\"https:\\\/\\\/mf3swiss.shop\\\/#website\",\"url\":\"https:\\\/\\\/mf3swiss.shop\\\/\",\"name\":\"MF3 SWISS SHOP\",\"description\":\"MF3 Authorised Online Reseller\",\"publisher\":{\"@id\":\"https:\\\/\\\/mf3swiss.shop\\\/#organization\"},\"potentialAction\":[{\"@type\":\"SearchAction\",\"target\":{\"@type\":\"EntryPoint\",\"urlTemplate\":\"https:\\\/\\\/mf3swiss.shop\\\/?s={search_term_string}\"},\"query-input\":{\"@type\":\"PropertyValueSpecification\",\"valueRequired\":true,\"valueName\":\"search_term_string\"}}],\"inLanguage\":\"zh-Hans\"},{\"@type\":\"Organization\",\"@id\":\"https:\\\/\\\/mf3swiss.shop\\\/#organization\",\"name\":\"MF3\",\"url\":\"https:\\\/\\\/mf3swiss.shop\\\/\",\"logo\":{\"@type\":\"ImageObject\",\"inLanguage\":\"zh-Hans\",\"@id\":\"https:\\\/\\\/mf3swiss.shop\\\/#\\\/schema\\\/logo\\\/image\\\/\",\"url\":\"https:\\\/\\\/mf3swiss.shop\\\/wp-content\\\/uploads\\\/2019\\\/11\\\/mf3-logox100.png\",\"contentUrl\":\"https:\\\/\\\/mf3swiss.shop\\\/wp-content\\\/uploads\\\/2019\\\/11\\\/mf3-logox100.png\",\"width\":100,\"height\":31,\"caption\":\"MF3\"},\"image\":{\"@id\":\"https:\\\/\\\/mf3swiss.shop\\\/#\\\/schema\\\/logo\\\/image\\\/\"},\"sameAs\":[\"https:\\\/\\\/www.facebook.com\\\/MF3official\",\"https:\\\/\\\/www.instagram.com\\\/mf3swiss\\\/\",\"https:\\\/\\\/www.youtube.com\\\/@MF3Swiss\",\"https:\\\/\\\/www.linkedin.com\\\/company\\\/mf3swiss\\\/\",\"https:\\\/\\\/www.tiktok.com\\\/@mf3swissoffical\",\"http:\\\/\\\/weixin.qq.com\\\/r\\\/yx2JkcbEb5sQrYLy90jZ\"]}]}<\/script>\n<!-- \/ Yoast SEO plugin. -->","yoast_head_json":{"title":"Price, Shipping & Return Policies - MF3 SWISS SHOP","robots":{"index":"index","follow":"follow","max-snippet":"max-snippet:-1","max-image-preview":"max-image-preview:large","max-video-preview":"max-video-preview:-1"},"canonical":"https:\/\/mf3swiss.shop\/zh\/price-payment-shipping-policies\/","og_locale":"zh_CN","og_type":"article","og_title":"Price, Shipping & Return Policies - MF3 SWISS SHOP","og_url":"https:\/\/mf3swiss.shop\/zh\/price-payment-shipping-policies\/","og_site_name":"MF3 SWISS SHOP","article_publisher":"https:\/\/www.facebook.com\/MF3official","article_modified_time":"2023-07-18T09:23:06+00:00","og_image":[{"width":269,"height":322,"url":"https:\/\/mf3swiss.shop\/wp-content\/uploads\/2020\/10\/Plaqx-Christy-Chung.jpg","type":"image\/jpeg"}],"twitter_card":"summary_large_image","twitter_misc":{"\u9884\u8ba1\u9605\u8bfb\u65f6\u95f4":"4 \u5206"},"schema":{"@context":"https:\/\/schema.org","@graph":[{"@type":"WebPage","@id":"https:\/\/mf3swiss.shop\/price-payment-shipping-policies\/","url":"https:\/\/mf3swiss.shop\/price-payment-shipping-policies\/","name":"Price, Shipping & Return Policies - MF3 SWISS SHOP","isPartOf":{"@id":"https:\/\/mf3swiss.shop\/#website"},"datePublished":"2019-11-11T06:52:23+00:00","dateModified":"2023-07-18T09:23:06+00:00","breadcrumb":{"@id":"https:\/\/mf3swiss.shop\/price-payment-shipping-policies\/#breadcrumb"},"inLanguage":"zh-Hans","potentialAction":[{"@type":"ReadAction","target":["https:\/\/mf3swiss.shop\/price-payment-shipping-policies\/"]}]},{"@type":"BreadcrumbList","@id":"https:\/\/mf3swiss.shop\/price-payment-shipping-policies\/#breadcrumb","itemListElement":[{"@type":"ListItem","position":1,"name":"Home","item":"https:\/\/mf3swiss.shop\/"},{"@type":"ListItem","position":2,"name":"Price, Shipping &#038; Return Policies"}]},{"@type":"WebSite","@id":"https:\/\/mf3swiss.shop\/#website","url":"https:\/\/mf3swiss.shop\/","name":"MF3 SWISS SHOP","description":"MF3 Authorised Online Reseller","publisher":{"@id":"https:\/\/mf3swiss.shop\/#organization"},"potentialAction":[{"@type":"SearchAction","target":{"@type":"EntryPoint","urlTemplate":"https:\/\/mf3swiss.shop\/?s={search_term_string}"},"query-input":{"@type":"PropertyValueSpecification","valueRequired":true,"valueName":"search_term_string"}}],"inLanguage":"zh-Hans"},{"@type":"Organization","@id":"https:\/\/mf3swiss.shop\/#organization","name":"MF3","url":"https:\/\/mf3swiss.shop\/","logo":{"@type":"ImageObject","inLanguage":"zh-Hans","@id":"https:\/\/mf3swiss.shop\/#\/schema\/logo\/image\/","url":"https:\/\/mf3swiss.shop\/wp-content\/uploads\/2019\/11\/mf3-logox100.png","contentUrl":"https:\/\/mf3swiss.shop\/wp-content\/uploads\/2019\/11\/mf3-logox100.png","width":100,"height":31,"caption":"MF3"},"image":{"@id":"https:\/\/mf3swiss.shop\/#\/schema\/logo\/image\/"},"sameAs":["https:\/\/www.facebook.com\/MF3official","https:\/\/www.instagram.com\/mf3swiss\/","https:\/\/www.youtube.com\/@MF3Swiss","https:\/\/www.linkedin.com\/company\/mf3swiss\/","https:\/\/www.tiktok.com\/@mf3swissoffical","http:\/\/weixin.qq.com\/r\/yx2JkcbEb5sQrYLy90jZ"]}]}},"_links":{"self":[{"href":"https:\/\/mf3swiss.shop\/zh\/wp-json\/wp\/v2\/pages\/3014","targetHints":{"allow":["GET"]}}],"collection":[{"href":"https:\/\/mf3swiss.shop\/zh\/wp-json\/wp\/v2\/pages"}],"about":[{"href":"https:\/\/mf3swiss.shop\/zh\/wp-json\/wp\/v2\/types\/page"}],"author":[{"embeddable":true,"href":"https:\/\/mf3swiss.shop\/zh\/wp-json\/wp\/v2\/users\/1000"}],"replies":[{"embeddable":true,"href":"https:\/\/mf3swiss.shop\/zh\/wp-json\/wp\/v2\/comments?post=3014"}],"version-history":[{"count":26,"href":"https:\/\/mf3swiss.shop\/zh\/wp-json\/wp\/v2\/pages\/3014\/revisions"}],"predecessor-version":[{"id":25684,"href":"https:\/\/mf3swiss.shop\/zh\/wp-json\/wp\/v2\/pages\/3014\/revisions\/25684"}],"wp:attachment":[{"href":"https:\/\/mf3swiss.shop\/zh\/wp-json\/wp\/v2\/media?parent=3014"}],"curies":[{"name":"wp","href":"https:\/\/api.w.org\/{rel}","templated":true}]}}